{"id":1286,"date":"2025-06-24T10:05:15","date_gmt":"2025-06-24T08:05:15","guid":{"rendered":"https:\/\/inpulsecompagnie.com\/?page_id=1286"},"modified":"2025-09-23T11:50:12","modified_gmt":"2025-09-23T09:50:12","slug":"tournees","status":"publish","type":"page","link":"https:\/\/inpulsecompagnie.com\/index.php\/tournees\/","title":{"rendered":"Tourn\u00e9es"},"content":{"rendered":"\n<hr class=\"wp-block-separator has-alpha-channel-opacity\"\/>\n\n\n\n<hr class=\"wp-block-separator has-alpha-channel-opacity\"\/>\n\n\n\n<div style=\"height:100px\" aria-hidden=\"true\" class=\"wp-block-spacer\"><\/div>\n\n\n\n<h2 class=\"wp-block-heading has-text-align-center\">2024\/2025<\/h2>\n\n\n\n<figure class=\"wp-block-table alignwide\"><table class=\"has-fixed-layout\"><tbody><tr><td class=\"has-text-align-right\" data-align=\"right\">7 septembre<\/td><td class=\"has-text-align-center\" data-align=\"center\">TITI<\/td><td>La distillerie, Ambierle<\/td><\/tr><tr><td class=\"has-text-align-right\" data-align=\"right\">28 juillet<\/td><td class=\"has-text-align-center\" data-align=\"center\">TITI<\/td><td>Pension de Famille, Roanne<\/td><\/tr><tr><td class=\"has-text-align-right\" data-align=\"right\">20 juin<\/td><td class=\"has-text-align-center\" data-align=\"center\">CROSS<\/td><td>Coll\u00e8ge Nicolas Cont\u00e9, R\u00e9gny<\/td><\/tr><tr><td class=\"has-text-align-right\" data-align=\"right\">28 mai<\/td><td class=\"has-text-align-center\" data-align=\"center\">TITI<\/td><td>Th\u00e9\u00e2tre de Roanne<\/td><\/tr><tr><td class=\"has-text-align-right\" data-align=\"right\">3 et 4 avril<\/td><td class=\"has-text-align-center\" data-align=\"center\">TITI<\/td><td>\u00c9cole primaire, Coutouvre<\/td><\/tr><tr><td class=\"has-text-align-right\" data-align=\"right\">19 avril<\/td><td class=\"has-text-align-center\" data-align=\"center\">TITI<\/td><td>Festival les Pitchouns, <br>Th\u00e9\u00e2tre de Saint Vallier de Thiey<\/td><\/tr><tr><td class=\"has-text-align-right\" data-align=\"right\">26 avril<\/td><td class=\"has-text-align-center\" data-align=\"center\">Instantan\u00e9es solo<\/td><td>Grange \u00e0 liens, Lay<\/td><\/tr><tr><td class=\"has-text-align-right\" data-align=\"right\">3 et 4 mars<\/td><td class=\"has-text-align-center\" data-align=\"center\">Instantan\u00e9es quatuor<\/td><td>Lyc\u00e9e Borde Basse, Castres<\/td><\/tr><tr><td class=\"has-text-align-right\" data-align=\"right\">5 mars<\/td><td class=\"has-text-align-center\" data-align=\"center\">Instantan\u00e9es quatuor<\/td><td>CHU de Castres<\/td><\/tr><tr><td class=\"has-text-align-right\" data-align=\"right\">8 mars<\/td><td class=\"has-text-align-center\" data-align=\"center\">Instantan\u00e9es quatuor<\/td><td>LeLabo, Roanne<\/td><\/tr><tr><td class=\"has-text-align-right\" data-align=\"right\">10 au 13 mars<\/td><td class=\"has-text-align-center\" data-align=\"center\">Instantan\u00e9es quatuor<\/td><td>Lyc\u00e9e Carnot, Roanne<\/td><\/tr><tr><td class=\"has-text-align-right\" data-align=\"right\">27 mars<\/td><td class=\"has-text-align-center\" data-align=\"center\">CROSS<\/td><td>Lyc\u00e9e Verri\u00e8re en Forez<\/td><\/tr><tr><td class=\"has-text-align-right\" data-align=\"right\">13 et 14 f\u00e9vrier<\/td><td class=\"has-text-align-center\" data-align=\"center\">CROSS<\/td><td>MJC Rive de Gier<\/td><\/tr><tr><td class=\"has-text-align-right\" data-align=\"right\">6 au 8 novembre<\/td><td class=\"has-text-align-center\" data-align=\"center\">CROSS<\/td><td>Coll\u00e8ge de Saint Romain le Puy<\/td><\/tr><\/tbody><\/table><\/figure>\n\n\n\n<div style=\"height:100px\" aria-hidden=\"true\" class=\"wp-block-spacer\"><\/div>\n\n\n\n<h2 class=\"wp-block-heading has-text-align-center\">2023\/2024<\/h2>\n\n\n\n<figure class=\"wp-block-table alignwide\"><table class=\"has-fixed-layout\"><tbody><tr><td class=\"has-text-align-right\" data-align=\"right\">7 juin<\/td><td class=\"has-text-align-center\" data-align=\"center\">CROSS<\/td><td>Coll\u00e8ge Saint Paul, Roanne<\/td><\/tr><tr><td class=\"has-text-align-right\" data-align=\"right\">28 et 29 mai<\/td><td class=\"has-text-align-center\" data-align=\"center\">CROSS<\/td><td>Coll\u00e8ge Marie Laurencin, Tarare<\/td><\/tr><tr><td class=\"has-text-align-right\" data-align=\"right\">3 mai<\/td><td class=\"has-text-align-center\" data-align=\"center\">CROSS<\/td><td>Lyc\u00e9e Cherv\u00e9, Le Coteau<\/td><\/tr><tr><td class=\"has-text-align-right\" data-align=\"right\">30 avril<\/td><td class=\"has-text-align-center\" data-align=\"center\">CROSS<\/td><td>Th\u00e9\u00e2tre de Roanne<\/td><\/tr><tr><td class=\"has-text-align-right\" data-align=\"right\">25 avril<\/td><td class=\"has-text-align-center\" data-align=\"center\">CROSS<\/td><td>Auditorium Jean Maillot, Monceau les Mines<\/td><\/tr><tr><td class=\"has-text-align-right\" data-align=\"right\">11 avril<\/td><td class=\"has-text-align-center\" data-align=\"center\">CROSS<\/td><td>Coll\u00e8ge Antoine Guichard, Veauche<\/td><\/tr><tr><td class=\"has-text-align-right\" data-align=\"right\">4 avril<\/td><td class=\"has-text-align-center\" data-align=\"center\">TITI<\/td><td>Centre hospitalier, Roanne<\/td><\/tr><tr><td class=\"has-text-align-right\" data-align=\"right\">3 avril<\/td><td class=\"has-text-align-center\" data-align=\"center\">TITI<\/td><td>LeLabo, Roanne<\/td><\/tr><tr><td class=\"has-text-align-right\" data-align=\"right\">19 mars<\/td><td class=\"has-text-align-center\" data-align=\"center\">Instantan\u00e9es solo<\/td><td>IUT, Roanne<\/td><\/tr><tr><td class=\"has-text-align-right\" data-align=\"right\">10 mars<\/td><td class=\"has-text-align-center\" data-align=\"center\">Instantan\u00e9es quatuor<\/td><td>Th\u00e9\u00e2tre Municipal, Yssingeaux<\/td><\/tr><tr><td class=\"has-text-align-right\" data-align=\"right\">4 au 8 mars<\/td><td class=\"has-text-align-center\" data-align=\"center\">Instantan\u00e9es quatuor<\/td><td>Lyc\u00e9e Carnot, Roanne<\/td><\/tr><tr><td class=\"has-text-align-right\" data-align=\"right\">24 novembre<\/td><td class=\"has-text-align-center\" data-align=\"center\">CROSS<\/td><td>Salle Pierre Henon, Mably<\/td><\/tr><tr><td class=\"has-text-align-right\" data-align=\"right\">17 novembre<\/td><td class=\"has-text-align-center\" data-align=\"center\">Instantan\u00e9es quatuor<\/td><td>Salle Paul R\u00e9gerat, Rocles<\/td><\/tr><tr><td class=\"has-text-align-right\" data-align=\"right\">16 novembre<\/td><td class=\"has-text-align-center\" data-align=\"center\">Instantan\u00e9es quatuor<\/td><td>Lyc\u00e9e Cherv\u00e9, Le Coteau<\/td><\/tr><tr><td class=\"has-text-align-right\" data-align=\"right\">26 octobre<\/td><td class=\"has-text-align-center\" data-align=\"center\">CROSS<\/td><td>IUT, Roanne<\/td><\/tr><tr><td class=\"has-text-align-right\" data-align=\"right\">6 octobre<\/td><td class=\"has-text-align-center\" data-align=\"center\">Instantan\u00e9es solo<\/td><td>Salle des f\u00eates Chavanay<\/td><\/tr><tr><td class=\"has-text-align-right\" data-align=\"right\">5 octobre<\/td><td class=\"has-text-align-center\" data-align=\"center\">CROSS<\/td><td>Th\u00e9\u00e2tre Saint Philibert, Charlieu<\/td><\/tr><tr><td class=\"has-text-align-right\" data-align=\"right\">28 et 30 septembre<\/td><td class=\"has-text-align-center\" data-align=\"center\">Instantan\u00e9es solo<\/td><td>Salle Jacques Clavier, Sury le Comtal<\/td><\/tr><\/tbody><\/table><\/figure>\n\n\n\n<div style=\"height:100px\" aria-hidden=\"true\" class=\"wp-block-spacer\"><\/div>\n\n\n\n<h2 class=\"wp-block-heading has-text-align-center\">2022\/2023<\/h2>\n\n\n\n<figure class=\"wp-block-table alignwide\"><table class=\"has-fixed-layout\"><tbody><tr><td class=\"has-text-align-right\" data-align=\"right\">25 avril<\/td><td class=\"has-text-align-center\" data-align=\"center\">Instantan\u00e9es solo<\/td><td>Lyc\u00e9e Carnot, Roanne<\/td><\/tr><tr><td class=\"has-text-align-right\" data-align=\"right\">6 au 10 avril<\/td><td class=\"has-text-align-center\" data-align=\"center\">Instantan\u00e9es solo<\/td><td>Lyc\u00e9e Carnot, Roanne<\/td><\/tr><tr><td class=\"has-text-align-right\" data-align=\"right\">17 d\u00e9cembre<\/td><td class=\"has-text-align-center\" data-align=\"center\">Instantan\u00e9es quatuor<\/td><td>Les murs de poussi\u00e8res, Montant<\/td><\/tr><tr><td class=\"has-text-align-right\" data-align=\"right\">15 et 16 d\u00e9cembre<\/td><td class=\"has-text-align-center\" data-align=\"center\">Instantan\u00e9es quatuor<\/td><td>Lyc\u00e9e Victor Hugo, Gaillac<\/td><\/tr><tr><td class=\"has-text-align-right\" data-align=\"right\">22 novembre<\/td><td class=\"has-text-align-center\" data-align=\"center\">Instantan\u00e9es solo<\/td><td>IUT de Roanne<\/td><\/tr><tr><td class=\"has-text-align-right\" data-align=\"right\">6 octobre<\/td><td class=\"has-text-align-center\" data-align=\"center\">Instantan\u00e9es solo<\/td><td>Lyc\u00e9e Jean Puy, Roanne<\/td><\/tr><tr><td class=\"has-text-align-right\" data-align=\"right\">18 septembre<\/td><td class=\"has-text-align-center\" data-align=\"center\">Instantan\u00e9es solo<\/td><td>LeLabo, journ\u00e9es du Patrimoine, Roanne<\/td><\/tr><tr><td class=\"has-text-align-right\" data-align=\"right\">16 septembre<\/td><td class=\"has-text-align-center\" data-align=\"center\">Instantan\u00e9es solo<\/td><td>La R\u00e9galerie, St Haon le Ch\u00e2tel<\/td><\/tr><\/tbody><\/table><\/figure>\n","protected":false},"excerpt":{"rendered":"<p>2024\/2025 7 septembre TITI La distillerie, Ambierle 28 juillet TITI Pension de Famille, Roanne 20 juin CROSS Coll\u00e8ge Nicolas Cont\u00e9, R\u00e9gny 28 mai TITI Th\u00e9\u00e2tre de Roanne 3 et 4 avril TITI \u00c9cole primaire, Coutouvre 19 avril TITI Festival les Pitchouns, Th\u00e9\u00e2tre de Saint Vallier de Thiey 26 avril Instantan\u00e9es solo Grange \u00e0 liens, Lay [&hellip;]<\/p>\n","protected":false},"author":3,"featured_media":0,"parent":0,"menu_order":0,"comment_status":"closed","ping_status":"closed","template":"","meta":{"footnotes":""},"class_list":["post-1286","page","type-page","status-publish","hentry"],"_links":{"self":[{"href":"https:\/\/inpulsecompagnie.com\/index.php\/wp-json\/wp\/v2\/pages\/1286","targetHints":{"allow":["GET"]}}],"collection":[{"href":"https:\/\/inpulsecompagnie.com\/index.php\/wp-json\/wp\/v2\/pages"}],"about":[{"href":"https:\/\/inpulsecompagnie.com\/index.php\/wp-json\/wp\/v2\/types\/page"}],"author":[{"embeddable":true,"href":"https:\/\/inpulsecompagnie.com\/index.php\/wp-json\/wp\/v2\/users\/3"}],"replies":[{"embeddable":true,"href":"https:\/\/inpulsecompagnie.com\/index.php\/wp-json\/wp\/v2\/comments?post=1286"}],"version-history":[{"count":9,"href":"https:\/\/inpulsecompagnie.com\/index.php\/wp-json\/wp\/v2\/pages\/1286\/revisions"}],"predecessor-version":[{"id":1552,"href":"https:\/\/inpulsecompagnie.com\/index.php\/wp-json\/wp\/v2\/pages\/1286\/revisions\/1552"}],"wp:attachment":[{"href":"https:\/\/inpulsecompagnie.com\/index.php\/wp-json\/wp\/v2\/media?parent=1286"}],"curies":[{"name":"wp","href":"https:\/\/api.w.org\/{rel}","templated":true}]}}